{"id":18,"date":"2024-01-14T21:48:31","date_gmt":"2024-01-14T20:48:31","guid":{"rendered":"https:\/\/saplf.net\/?page_id=18"},"modified":"2025-08-20T19:14:34","modified_gmt":"2025-08-20T18:14:34","slug":"congres","status":"publish","type":"page","link":"https:\/\/saplf.net\/index.php\/congres\/","title":{"rendered":"Congr\u00e8s"},"content":{"rendered":"\n<h2 class=\"wp-block-heading has-text-align-center\">LIVRE DU R\u00c9SUM\u00c9 DE LA SAPLF LORS DU CONGRES CONJOINT 11\u00e8 CONGRES DE LA SAPLF\/5\u00e8 CONGRES\u00a0DE\u00a0LA\u00a0SCP<\/h2>\n\n\n\n<ul>\n<li><a href=\"http:\/\/saplf.net\/wp-content\/uploads\/2025\/08\/Livre_des_resumes_CAPLF_2025.docx.pdf\" data-type=\"link\" data-id=\"http:\/\/saplf.net\/wp-content\/uploads\/2025\/08\/Livre_des_resumes_CAPLF_2025.docx.pdf\">Livre des r\u00e9sum\u00e9s CAPLF 2025.docx.pdf<\/a><\/li>\n<\/ul>\n\n\n<style>.wp-block-kadence-spacer.kt-block-spacer-18_d4838e-91 .kt-block-spacer{height:60px;}.wp-block-kadence-spacer.kt-block-spacer-18_d4838e-91 .kt-divider{border-top-width:1px;height:1px;border-top-color:#eee;width:80%;border-top-style:solid;}<\/style>\n<div class=\"wp-block-kadence-spacer aligncenter kt-block-spacer-18_d4838e-91\"><div class=\"kt-block-spacer kt-block-spacer-halign-center\"><hr class=\"kt-divider\"\/><\/div><\/div>\n\n\n<style>.kadence-column18_d728c7-2f > .kt-inside-inner-col,.kadence-column18_d728c7-2f > .kt-inside-inner-col:before{border-top-left-radius:0px;border-top-right-radius:0px;border-bottom-right-radius:0px;border-bottom-left-radius:0px;}.kadence-column18_d728c7-2f > .kt-inside-inner-col{column-gap:var(--global-kb-gap-sm, 1rem);}.kadence-column18_d728c7-2f > .kt-inside-inner-col{flex-direction:column;}.kadence-column18_d728c7-2f > .kt-inside-inner-col > .aligncenter{width:100%;}.kadence-column18_d728c7-2f > .kt-inside-inner-col:before{opacity:0.3;}.kadence-column18_d728c7-2f{position:relative;}@media all and (max-width: 1024px){.kadence-column18_d728c7-2f > .kt-inside-inner-col{flex-direction:column;justify-content:center;}}@media all and (max-width: 767px){.kadence-column18_d728c7-2f > .kt-inside-inner-col{flex-direction:column;justify-content:center;}}<\/style>\n<div class=\"wp-block-kadence-column kadence-column18_d728c7-2f\"><div class=\"kt-inside-inner-col\"><style>.wp-block-kadence-spacer.kt-block-spacer-18_f2a145-1b .kt-block-spacer{height:60px;}.wp-block-kadence-spacer.kt-block-spacer-18_f2a145-1b .kt-divider{border-top-width:1px;height:1px;border-top-color:#eee;width:80%;border-top-style:solid;}<\/style>\n<div class=\"wp-block-kadence-spacer aligncenter kt-block-spacer-18_f2a145-1b\"><div class=\"kt-block-spacer kt-block-spacer-halign-center\"><hr class=\"kt-divider\"\/><\/div><\/div>\n<\/div><\/div>\n\n\n\n<figure class=\"wp-block-image size-large\"><img loading=\"lazy\" decoding=\"async\" width=\"723\" height=\"1024\" src=\"https:\/\/saplf.net\/wp-content\/uploads\/2025\/03\/WhatsApp-Image-2025-03-21-at-12.12.12-2-723x1024.jpeg\" alt=\"\" class=\"wp-image-396\" srcset=\"https:\/\/saplf.net\/wp-content\/uploads\/2025\/03\/WhatsApp-Image-2025-03-21-at-12.12.12-2-723x1024.jpeg 723w, https:\/\/saplf.net\/wp-content\/uploads\/2025\/03\/WhatsApp-Image-2025-03-21-at-12.12.12-2-212x300.jpeg 212w, https:\/\/saplf.net\/wp-content\/uploads\/2025\/03\/WhatsApp-Image-2025-03-21-at-12.12.12-2.jpeg 763w\" sizes=\"(max-width: 723px) 100vw, 723px\" \/><\/figure>\n\n\n<style>.wp-block-kadence-spacer.kt-block-spacer-18_76f9e0-1f .kt-block-spacer{height:60px;}.wp-block-kadence-spacer.kt-block-spacer-18_76f9e0-1f .kt-divider{border-top-width:1px;height:1px;border-top-color:#eee;width:80%;border-top-style:solid;}<\/style>\n<div class=\"wp-block-kadence-spacer aligncenter kt-block-spacer-18_76f9e0-1f\"><div class=\"kt-block-spacer kt-block-spacer-halign-center\"><hr class=\"kt-divider\"\/><\/div><\/div>\n\n\n\n<p><\/p>\n\n\n<style>.kadence-column18_c29420-89 > .kt-inside-inner-col,.kadence-column18_c29420-89 > .kt-inside-inner-col:before{border-top-left-radius:0px;border-top-right-radius:0px;border-bottom-right-radius:0px;border-bottom-left-radius:0px;}.kadence-column18_c29420-89 > .kt-inside-inner-col{column-gap:var(--global-kb-gap-sm, 1rem);}.kadence-column18_c29420-89 > .kt-inside-inner-col{flex-direction:column;}.kadence-column18_c29420-89 > .kt-inside-inner-col > .aligncenter{width:100%;}.kadence-column18_c29420-89 > .kt-inside-inner-col:before{opacity:0.3;}.kadence-column18_c29420-89{position:relative;}@media all and (max-width: 1024px){.kadence-column18_c29420-89 > .kt-inside-inner-col{flex-direction:column;justify-content:center;}}@media all and (max-width: 767px){.kadence-column18_c29420-89 > .kt-inside-inner-col{flex-direction:column;justify-content:center;}}<\/style>\n<div class=\"wp-block-kadence-column kadence-column18_c29420-89\"><div class=\"kt-inside-inner-col\"><\/div><\/div>\n\n\n<style>.wp-block-kadence-spacer.kt-block-spacer-18_13ba63-f1 .kt-block-spacer{height:60px;}.wp-block-kadence-spacer.kt-block-spacer-18_13ba63-f1 .kt-divider{border-top-width:1px;height:1px;border-top-color:#eee;width:80%;border-top-style:solid;}<\/style>\n<div class=\"wp-block-kadence-spacer aligncenter kt-block-spacer-18_13ba63-f1\"><div class=\"kt-block-spacer kt-block-spacer-halign-center\"><hr class=\"kt-divider\"\/><\/div><\/div>\n\n\n\n<h2 class=\"wp-block-heading\">Congr\u00e8s conjoint SAPLF\/SCP du 30 juillet au 02 ao\u00fbt 2025 \u00e0 Douala.<\/h2>\n\n\n\n<ul>\n<li><a href=\"https:\/\/congres.scpneumologie.com\/event\">https:\/\/congres.scpneumologie.com\/event<\/a><\/li>\n<\/ul>\n\n\n\n<p class=\"has-text-align-center\">              <\/p>\n\n\n<style>.wp-block-kadence-spacer.kt-block-spacer-18_779352-6f .kt-block-spacer{height:60px;}.wp-block-kadence-spacer.kt-block-spacer-18_779352-6f .kt-divider{border-top-width:1px;height:1px;border-top-color:#eee;width:80%;border-top-style:solid;}<\/style>\n<div class=\"wp-block-kadence-spacer aligncenter kt-block-spacer-18_779352-6f\"><div class=\"kt-block-spacer kt-block-spacer-halign-center\"><hr class=\"kt-divider\"\/><\/div><\/div>\n\n\n<style>.kadence-column18_013e25-3d > .kt-inside-inner-col,.kadence-column18_013e25-3d > .kt-inside-inner-col:before{border-top-left-radius:0px;border-top-right-radius:0px;border-bottom-right-radius:0px;border-bottom-left-radius:0px;}.kadence-column18_013e25-3d > .kt-inside-inner-col{column-gap:var(--global-kb-gap-sm, 1rem);}.kadence-column18_013e25-3d > .kt-inside-inner-col{flex-direction:column;}.kadence-column18_013e25-3d > .kt-inside-inner-col > .aligncenter{width:100%;}.kadence-column18_013e25-3d > .kt-inside-inner-col:before{opacity:0.3;}.kadence-column18_013e25-3d{position:relative;}@media all and (max-width: 1024px){.kadence-column18_013e25-3d > .kt-inside-inner-col{flex-direction:column;justify-content:center;}}@media all and (max-width: 767px){.kadence-column18_013e25-3d > .kt-inside-inner-col{flex-direction:column;justify-content:center;}}<\/style>\n<div class=\"wp-block-kadence-column kadence-column18_013e25-3d\"><div class=\"kt-inside-inner-col\"><\/div><\/div>\n\n\n\n<p><\/p>\n\n\n<style>.wp-block-kadence-spacer.kt-block-spacer-18_424d91-71 .kt-block-spacer{height:60px;}.wp-block-kadence-spacer.kt-block-spacer-18_424d91-71 .kt-divider{border-top-width:1px;height:1px;border-top-color:#eee;width:80%;border-top-style:solid;}<\/style>\n<div class=\"wp-block-kadence-spacer aligncenter kt-block-spacer-18_424d91-71\"><div class=\"kt-block-spacer kt-block-spacer-halign-center\"><hr class=\"kt-divider\"\/><\/div><\/div>\n\n\n\n<h2 class=\"wp-block-heading\">ATELIERS DE LA SAPLF LORS DU CONGRES CONJOINT 11\u00e8 CONGRES DE LA SAPLF\/5\u00e8 CONGRES&nbsp;DE&nbsp;LA&nbsp;SCP<\/h2>\n\n\n\n<ul>\n<li><a href=\"https:\/\/docs.google.com\/document\/d\/1oYmINLT-e_3y6T6aUOjfFndEV87zdmK2IhHtdSVJTm0\/edit?usp=sharing\">ATELIERS DE LA SAPLF LORS DU CONGRES CONJOINT 11\u00e8 CONGRES DE LA SAPLF\/5\u00e8 CONGRES&nbsp;DE&nbsp;LA&nbsp;SCP<\/a><\/li>\n<\/ul>\n","protected":false},"excerpt":{"rendered":"<p>LIVRE DU R\u00c9SUM\u00c9 DE LA SAPLF LORS DU CONGRES CONJOINT 11\u00e8 CONGRES DE LA SAPLF\/5\u00e8 CONGRES\u00a0DE\u00a0LA\u00a0SCP Congr\u00e8s conjoint SAPLF\/SCP du 30 juillet au 02 ao\u00fbt 2025 \u00e0 Douala. ATELIERS DE LA SAPLF LORS DU CONGRES CONJOINT 11\u00e8 CONGRES DE LA SAPLF\/5\u00e8 CONGRES&nbsp;DE&nbsp;LA&nbsp;SCP<\/p>\n","protected":false},"author":1,"featured_media":0,"parent":0,"menu_order":0,"comment_status":"closed","ping_status":"closed","template":"","meta":{"_kad_post_transparent":"","_kad_post_title":"","_kad_post_layout":"","_kad_post_sidebar_id":"","_kad_post_content_style":"","_kad_post_vertical_padding":"","_kad_post_feature":"","_kad_post_feature_position":"","_kad_post_header":false,"_kad_post_footer":false,"footnotes":""},"_links":{"self":[{"href":"https:\/\/saplf.net\/index.php\/wp-json\/wp\/v2\/pages\/18"}],"collection":[{"href":"https:\/\/saplf.net\/index.php\/wp-json\/wp\/v2\/pages"}],"about":[{"href":"https:\/\/saplf.net\/index.php\/wp-json\/wp\/v2\/types\/page"}],"author":[{"embeddable":true,"href":"https:\/\/saplf.net\/index.php\/wp-json\/wp\/v2\/users\/1"}],"replies":[{"embeddable":true,"href":"https:\/\/saplf.net\/index.php\/wp-json\/wp\/v2\/comments?post=18"}],"version-history":[{"count":27,"href":"https:\/\/saplf.net\/index.php\/wp-json\/wp\/v2\/pages\/18\/revisions"}],"predecessor-version":[{"id":464,"href":"https:\/\/saplf.net\/index.php\/wp-json\/wp\/v2\/pages\/18\/revisions\/464"}],"wp:attachment":[{"href":"https:\/\/saplf.net\/index.php\/wp-json\/wp\/v2\/media?parent=18"}],"curies":[{"name":"wp","href":"https:\/\/api.w.org\/{rel}","templated":true}]}}