{"id":22,"date":"2024-01-14T21:51:46","date_gmt":"2024-01-14T20:51:46","guid":{"rendered":"https:\/\/saplf.net\/?page_id=22"},"modified":"2024-01-14T22:43:52","modified_gmt":"2024-01-14T21:43:52","slug":"a-propos","status":"publish","type":"page","link":"https:\/\/saplf.net\/index.php\/a-propos\/","title":{"rendered":"A Propos"},"content":{"rendered":"<style>.wp-block-kadence-advancedheading.kt-adv-heading22_f16bd4-83, .wp-block-kadence-advancedheading.kt-adv-heading22_f16bd4-83[data-kb-block=\"kb-adv-heading22_f16bd4-83\"]{font-style:normal;background-color:#2bca63;}.wp-block-kadence-advancedheading.kt-adv-heading22_f16bd4-83 mark.kt-highlight, .wp-block-kadence-advancedheading.kt-adv-heading22_f16bd4-83[data-kb-block=\"kb-adv-heading22_f16bd4-83\"] mark.kt-highlight{font-style:normal;color:#f76a0c;-webkit-box-decoration-break:clone;box-decoration-break:clone;padding-top:0px;padding-right:0px;padding-bottom:0px;padding-left:0px;}<\/style>\n<h2 class=\"kt-adv-heading22_f16bd4-83 wp-block-kadence-advancedheading\" data-kb-block=\"kb-adv-heading22_f16bd4-83\">Si\u00e8ge social<\/h2>\n\n\n\n<p>Abidjan, C\u00f4te d&rsquo;Ivoire<\/p>\n\n\n\n<p>Adresse postale : BP 340 Abidjan 27, C\u00f4te d\u2019Ivoire<\/p>\n\n\n<style>.wp-block-kadence-advancedheading.kt-adv-heading22_d3930c-25, .wp-block-kadence-advancedheading.kt-adv-heading22_d3930c-25[data-kb-block=\"kb-adv-heading22_d3930c-25\"]{font-style:normal;background-color:#20be30;}.wp-block-kadence-advancedheading.kt-adv-heading22_d3930c-25 mark.kt-highlight, .wp-block-kadence-advancedheading.kt-adv-heading22_d3930c-25[data-kb-block=\"kb-adv-heading22_d3930c-25\"] mark.kt-highlight{font-style:normal;color:#f76a0c;-webkit-box-decoration-break:clone;box-decoration-break:clone;padding-top:0px;padding-right:0px;padding-bottom:0px;padding-left:0px;}<\/style>\n<h2 class=\"kt-adv-heading22_d3930c-25 wp-block-kadence-advancedheading\" data-kb-block=\"kb-adv-heading22_d3930c-25\">Contact<\/h2>\n\n\n\n<p>Email: <a href=\"mailto:secretariat@saplf.net\" target=\"_blank\" rel=\"noreferrer noopener\">secretariat@saplf.net<\/a><\/p>\n\n\n\n<p><\/p>\n","protected":false},"excerpt":{"rendered":"<p>Si\u00e8ge social Abidjan, C\u00f4te d&rsquo;Ivoire Adresse postale : BP 340 Abidjan 27, C\u00f4te d\u2019Ivoire Contact Email: secretariat@saplf.net<\/p>\n","protected":false},"author":1,"featured_media":0,"parent":0,"menu_order":0,"comment_status":"closed","ping_status":"closed","template":"","meta":{"_kad_post_transparent":"","_kad_post_title":"","_kad_post_layout":"","_kad_post_sidebar_id":"","_kad_post_content_style":"","_kad_post_vertical_padding":"","_kad_post_feature":"","_kad_post_feature_position":"","_kad_post_header":false,"_kad_post_footer":false,"footnotes":""},"_links":{"self":[{"href":"https:\/\/saplf.net\/index.php\/wp-json\/wp\/v2\/pages\/22"}],"collection":[{"href":"https:\/\/saplf.net\/index.php\/wp-json\/wp\/v2\/pages"}],"about":[{"href":"https:\/\/saplf.net\/index.php\/wp-json\/wp\/v2\/types\/page"}],"author":[{"embeddable":true,"href":"https:\/\/saplf.net\/index.php\/wp-json\/wp\/v2\/users\/1"}],"replies":[{"embeddable":true,"href":"https:\/\/saplf.net\/index.php\/wp-json\/wp\/v2\/comments?post=22"}],"version-history":[{"count":3,"href":"https:\/\/saplf.net\/index.php\/wp-json\/wp\/v2\/pages\/22\/revisions"}],"predecessor-version":[{"id":48,"href":"https:\/\/saplf.net\/index.php\/wp-json\/wp\/v2\/pages\/22\/revisions\/48"}],"wp:attachment":[{"href":"https:\/\/saplf.net\/index.php\/wp-json\/wp\/v2\/media?parent=22"}],"curies":[{"name":"wp","href":"https:\/\/api.w.org\/{rel}","templated":true}]}}